{"id":59902,"date":"2025-05-07T11:06:11","date_gmt":"2025-05-07T09:06:11","guid":{"rendered":"https:\/\/itech.lukasiewicz.gov.pl\/results-of-calls\/"},"modified":"2026-04-08T09:45:54","modified_gmt":"2026-04-08T07:45:54","slug":"results-of-calls","status":"publish","type":"page","link":"https:\/\/itech.lukasiewicz.gov.pl\/en\/results-of-calls\/","title":{"rendered":"Results of calls"},"content":{"rendered":"\t\t<div data-elementor-type=\"wp-page\" data-elementor-id=\"59902\" class=\"elementor elementor-59902 elementor-46941\" data-elementor-post-type=\"page\">\n\t\t\t\t\t\t<section class=\"elementor-section elementor-top-section elementor-element elementor-element-4d98634 elementor-section-boxed elementor-section-height-default elementor-section-height-default\" data-id=\"4d98634\" data-element_type=\"section\" data-e-type=\"section\">\n\t\t\t\t\t\t<div class=\"elementor-container elementor-column-gap-default\">\n\t\t\t\t\t<div class=\"elementor-column elementor-col-100 elementor-top-column elementor-element elementor-element-9b112d0\" data-id=\"9b112d0\" data-element_type=\"column\" data-e-type=\"column\">\n\t\t\t<div class=\"elementor-widget-wrap elementor-element-populated\">\n\t\t\t\t\t\t<div class=\"elementor-element elementor-element-d042e55 stratum-navigation-arrow-position-inside elementor-widget elementor-widget-stratum-advanced-posts\" data-id=\"d042e55\" data-element_type=\"widget\" data-e-type=\"widget\" data-settings=\"{&quot;column_gap&quot;:{&quot;unit&quot;:&quot;px&quot;,&quot;size&quot;:20,&quot;sizes&quot;:[]},&quot;column_gap_tablet_extra&quot;:{&quot;unit&quot;:&quot;px&quot;,&quot;size&quot;:&quot;&quot;,&quot;sizes&quot;:[]},&quot;column_gap_tablet&quot;:{&quot;unit&quot;:&quot;px&quot;,&quot;size&quot;:&quot;&quot;,&quot;sizes&quot;:[]},&quot;column_gap_mobile_extra&quot;:{&quot;unit&quot;:&quot;px&quot;,&quot;size&quot;:&quot;&quot;,&quot;sizes&quot;:[]},&quot;column_gap_mobile&quot;:{&quot;unit&quot;:&quot;px&quot;,&quot;size&quot;:&quot;&quot;,&quot;sizes&quot;:[]},&quot;row_gap&quot;:{&quot;unit&quot;:&quot;px&quot;,&quot;size&quot;:20,&quot;sizes&quot;:[]},&quot;row_gap_tablet_extra&quot;:{&quot;unit&quot;:&quot;px&quot;,&quot;size&quot;:&quot;&quot;,&quot;sizes&quot;:[]},&quot;row_gap_tablet&quot;:{&quot;unit&quot;:&quot;px&quot;,&quot;size&quot;:&quot;&quot;,&quot;sizes&quot;:[]},&quot;row_gap_mobile_extra&quot;:{&quot;unit&quot;:&quot;px&quot;,&quot;size&quot;:&quot;&quot;,&quot;sizes&quot;:[]},&quot;row_gap_mobile&quot;:{&quot;unit&quot;:&quot;px&quot;,&quot;size&quot;:&quot;&quot;,&quot;sizes&quot;:[]}}\" data-widget_type=\"stratum-advanced-posts.default\">\n\t\t\t\t<div class=\"elementor-widget-container\">\n\t\t\t\t\t\t<div class=\"stratum-advanced-posts layout-grid masonry-disable elementor-grid-4 elementor-grid-tablet- elementor-grid-mobile-\"\n\t\t\t>\n\t\t<div class=\"stratum-advanced-posts__wrapper elementor-grid\" data-masonry-options=\"{&quot;columns&quot;:&quot;4&quot;,&quot;column_gap&quot;:20,&quot;row_gap&quot;:20}\">\n\t\t\t<article id='post-59409' class='stratum-advanced-posts__post'><div class='stratum-advanced-posts__post-wrapper'><div class='stratum-advanced-posts__content-wrapper'><div class='stratum-advanced-posts__entry-header'><h3 class=\"stratum-advanced-posts__post-title\"><a href=\"https:\/\/itech.lukasiewicz.gov.pl\/en\/wyniki_naborow_nowe\/glowny-specjalista-zastepca-glownego-ksiegowego-k-m\/\">G\u0141\u00d3WNY SPECJALISTA &#8211; ZAST\u0118PCA G\u0141\u00d3WNEGO KSI\u0118GOWEGO K\/M<\/a><\/h3><div class='stratum-advanced-posts__entry-meta'><span class='stratum-advanced-posts__post-date'><time datetime='2026-03-19T16:18:59+01:00'><a href='https:\/\/itech.lukasiewicz.gov.pl\/en\/2026\/03\/19\/'>2026-03-19<\/a><\/time><\/span><\/div><\/div><div class='stratum-advanced-posts__post-content'>(Nr referencyjny\u00a09\/1\/2026\/AM\/215 )<\/div><\/div><\/div><\/article><article id='post-58628' class='stratum-advanced-posts__post'><div class='stratum-advanced-posts__post-wrapper'><div class='stratum-advanced-posts__content-wrapper'><div class='stratum-advanced-posts__entry-header'><h3 class=\"stratum-advanced-posts__post-title\"><a href=\"https:\/\/itech.lukasiewicz.gov.pl\/en\/wyniki_naborow_nowe\/lider-obszaru-dyrektor-departamentu-strategii-i-analiz-k-m\/\">LIDER OBSZARU DYREKTOR DEPARTAMENTU STRATEGII I ANALIZ (K\/M)<\/a><\/h3><div class='stratum-advanced-posts__entry-meta'><span class='stratum-advanced-posts__post-date'><time datetime='2026-02-16T15:18:29+01:00'><a href='https:\/\/itech.lukasiewicz.gov.pl\/en\/2026\/02\/16\/'>2026-02-16<\/a><\/time><\/span><\/div><\/div><div class='stratum-advanced-posts__post-content'>(Nr referencyjny 3\/1\/2026\/AM\/209)<\/div><\/div><\/div><\/article><article id='post-58626' class='stratum-advanced-posts__post'><div class='stratum-advanced-posts__post-wrapper'><div class='stratum-advanced-posts__content-wrapper'><div class='stratum-advanced-posts__entry-header'><h3 class=\"stratum-advanced-posts__post-title\"><a href=\"https:\/\/itech.lukasiewicz.gov.pl\/en\/wyniki_naborow_nowe\/glowny-specjalista-ds-inwestycji-k-m\/\">G\u0142\u00f3wny Specjalista ds. Inwestycji (K\/M)<\/a><\/h3><div class='stratum-advanced-posts__entry-meta'><span class='stratum-advanced-posts__post-date'><time datetime='2026-02-16T15:11:44+01:00'><a href='https:\/\/itech.lukasiewicz.gov.pl\/en\/2026\/02\/16\/'>2026-02-16<\/a><\/time><\/span><\/div><\/div><div class='stratum-advanced-posts__post-content'>(Nr referencyjny 2\/12\/2025\/AM\/205 )<\/div><\/div><\/div><\/article>\t\t<\/div>\n\n\t\t\t\t\t\t<nav class=\"navigation pagination\" role=\"navigation\">\n\t\t\t\t\t<h2 class=\"screen-reader-text\">Posts navigation<\/h2>\n\t\t\t\t\t<div class=\"nav-links\">\n\t\t\t\t\t\t<span aria-current=\"page\" class=\"page-numbers current\">1<\/span>\n<a class=\"page-numbers\" href=\"https:\/\/itech.lukasiewicz.gov.pl\/en\/wp-json\/wp\/v2\/pages\/59902\/page\/2\/\">2<\/a>\n<span class=\"page-numbers dots\">&hellip;<\/span>\n<a class=\"page-numbers\" href=\"https:\/\/itech.lukasiewicz.gov.pl\/en\/wp-json\/wp\/v2\/pages\/59902\/page\/7\/\">7<\/a>\n<a class=\"page-numbers\" href=\"https:\/\/itech.lukasiewicz.gov.pl\/en\/wp-json\/wp\/v2\/pages\/59902\/page\/8\/\">8<\/a>\n<a class=\"next page-numbers\" href=\"https:\/\/itech.lukasiewicz.gov.pl\/en\/wp-json\/wp\/v2\/pages\/59902\/page\/2\/\">&gt; <i><\/i><\/a>\t\t\t\t\t<\/div>\n\t\t\t\t<\/nav>\n\t\t\t\t\t<\/div>\n\t\t\t\t<\/div>\n\t\t\t\t<\/div>\n\t\t\t\t\t<\/div>\n\t\t<\/div>\n\t\t\t\t\t<\/div>\n\t\t<\/section>\n\t\t\t\t<\/div>\n\t\t","protected":false},"excerpt":{"rendered":"","protected":false},"author":257,"featured_media":0,"parent":0,"menu_order":0,"comment_status":"closed","ping_status":"closed","template":"","meta":{"_acf_changed":false,"_seopress_robots_primary_cat":"","_seopress_titles_title":"","_seopress_titles_desc":"","_seopress_robots_index":"yes","inline_featured_image":false,"footnotes":""},"class_list":["post-59902","page","type-page","status-publish","hentry"],"acf":{"page_icon":null},"publishpress_future_action":{"enabled":false,"date":"2026-05-07 22:10:48","action":"change-status","newStatus":"draft","terms":[],"taxonomy":"translation_priority","extraData":[]},"publishpress_future_workflow_manual_trigger":{"enabledWorkflows":[]},"_links":{"self":[{"href":"https:\/\/itech.lukasiewicz.gov.pl\/en\/wp-json\/wp\/v2\/pages\/59902","targetHints":{"allow":["GET"]}}],"collection":[{"href":"https:\/\/itech.lukasiewicz.gov.pl\/en\/wp-json\/wp\/v2\/pages"}],"about":[{"href":"https:\/\/itech.lukasiewicz.gov.pl\/en\/wp-json\/wp\/v2\/types\/page"}],"author":[{"embeddable":true,"href":"https:\/\/itech.lukasiewicz.gov.pl\/en\/wp-json\/wp\/v2\/users\/257"}],"replies":[{"embeddable":true,"href":"https:\/\/itech.lukasiewicz.gov.pl\/en\/wp-json\/wp\/v2\/comments?post=59902"}],"version-history":[{"count":1,"href":"https:\/\/itech.lukasiewicz.gov.pl\/en\/wp-json\/wp\/v2\/pages\/59902\/revisions"}],"predecessor-version":[{"id":59903,"href":"https:\/\/itech.lukasiewicz.gov.pl\/en\/wp-json\/wp\/v2\/pages\/59902\/revisions\/59903"}],"wp:attachment":[{"href":"https:\/\/itech.lukasiewicz.gov.pl\/en\/wp-json\/wp\/v2\/media?parent=59902"}],"curies":[{"name":"wp","href":"https:\/\/api.w.org\/{rel}","templated":true}]}}