{"id":58009,"date":"2025-12-29T16:23:34","date_gmt":"2025-12-29T15:23:34","guid":{"rendered":"https:\/\/itech.lukasiewicz.gov.pl\/collaboration\/offer\/reports\/"},"modified":"2026-02-13T18:03:54","modified_gmt":"2026-02-13T17:03:54","slug":"reports","status":"publish","type":"page","link":"https:\/\/itech.lukasiewicz.gov.pl\/en\/collaboration\/offer\/reports\/","title":{"rendered":"Reports"},"content":{"rendered":"\t\t<div data-elementor-type=\"wp-page\" data-elementor-id=\"58009\" class=\"elementor elementor-58009 elementor-54925\" data-elementor-post-type=\"page\">\n\t\t\t\t<div class=\"elementor-element elementor-element-8559678 e-flex e-con-boxed e-con e-parent\" data-id=\"8559678\" data-element_type=\"container\" data-e-type=\"container\" data-settings=\"{&quot;background_background&quot;:&quot;classic&quot;}\">\n\t\t\t\t\t<div class=\"e-con-inner\">\n\t\t<div class=\"elementor-element elementor-element-aa44096 e-con-full e-flex e-con e-child\" data-id=\"aa44096\" data-element_type=\"container\" data-e-type=\"container\">\n\t\t\t\t<div class=\"elementor-element elementor-element-e612246 elementor-widget elementor-widget-text-editor\" data-id=\"e612246\" data-element_type=\"widget\" data-e-type=\"widget\" data-widget_type=\"text-editor.default\">\n\t\t\t\t<div class=\"elementor-widget-container\">\n\t\t\t\t\t\t\t\t\t<p>We have developed specialized reports that are both an analysis of the state of public perception of new technologies and reports that are an analysis and set of recommendations for selected branches of the economy and organizational activities of state institutions.  <\/p><p>Examples of reports:  <\/p><ul><li><a href=\"https:\/\/itech.lukasiewicz.gov.pl\/2024\/03\/18\/strategie-bezpieczenstwa-technologii-wodorowych-w-polsce-na-lata-2023-2030\/\">Security strategy for hydrogen technologies in Poland for 2023-2030<\/a><\/li><li><a href=\"https:\/\/itech.lukasiewicz.gov.pl\/2023\/10\/11\/bezpieczenstwo-w-technologiach-wodorowych-w-8-raportach\/\">Safety in hydrogen technologies in 8 reports<\/a><\/li><li><a href=\"https:\/\/itech.lukasiewicz.gov.pl\/2023\/05\/10\/h2-opinie-i-preferencje-polek-i-polakow\/\">Report &#8211; H2:Opinions and preferences of Polish women and men<\/a><\/li><\/ul>\t\t\t\t\t\t\t\t<\/div>\n\t\t\t\t<\/div>\n\t\t\t\t<div class=\"elementor-element elementor-element-952a80b elementor-widget elementor-widget-text-editor\" data-id=\"952a80b\" data-element_type=\"widget\" data-e-type=\"widget\" data-widget_type=\"text-editor.default\">\n\t\t\t\t<div class=\"elementor-widget-container\">\n\t\t\t\t\t\t\t\t\t<p><strong>Contact:<br><\/strong><a href=\"mailto:instytut@itech.lukasiewicz.gov.pl\">instytut@itech.lukasiewicz.gov.pl<\/a><\/p>\t\t\t\t\t\t\t\t<\/div>\n\t\t\t\t<\/div>\n\t\t\t\t<\/div>\n\t\t<div class=\"elementor-element elementor-element-695477f e-con-full e-flex e-con e-child\" data-id=\"695477f\" data-element_type=\"container\" data-e-type=\"container\">\n\t\t\t\t<div class=\"elementor-element elementor-element-2ddb75c elementor-widget elementor-widget-image\" data-id=\"2ddb75c\" data-element_type=\"widget\" data-e-type=\"widget\" data-widget_type=\"image.default\">\n\t\t\t\t<div class=\"elementor-widget-container\">\n\t\t\t\t\t\t\t\t\t\t\t\t\t\t\t<img fetchpriority=\"high\" decoding=\"async\" width=\"580\" height=\"295\" src=\"https:\/\/itech.lukasiewicz.gov.pl\/wp-content\/uploads\/sites\/38\/2025\/12\/itech-btw-bg-img-1024x521.jpg\" class=\"attachment-large size-large wp-image-54946\" alt=\"\" srcset=\"https:\/\/itech.lukasiewicz.gov.pl\/wp-content\/uploads\/sites\/38\/2025\/12\/itech-btw-bg-img-1024x521.jpg 1024w, https:\/\/itech.lukasiewicz.gov.pl\/wp-content\/uploads\/sites\/38\/2025\/12\/itech-btw-bg-img-300x153.jpg 300w, https:\/\/itech.lukasiewicz.gov.pl\/wp-content\/uploads\/sites\/38\/2025\/12\/itech-btw-bg-img-768x391.jpg 768w, https:\/\/itech.lukasiewicz.gov.pl\/wp-content\/uploads\/sites\/38\/2025\/12\/itech-btw-bg-img-1536x782.jpg 1536w, https:\/\/itech.lukasiewicz.gov.pl\/wp-content\/uploads\/sites\/38\/2025\/12\/itech-btw-bg-img-2048x1042.jpg 2048w, https:\/\/itech.lukasiewicz.gov.pl\/wp-content\/uploads\/sites\/38\/2025\/12\/itech-btw-bg-img-1200x611.jpg 1200w, https:\/\/itech.lukasiewicz.gov.pl\/wp-content\/uploads\/sites\/38\/2025\/12\/itech-btw-bg-img-1980x1007.jpg 1980w, https:\/\/itech.lukasiewicz.gov.pl\/wp-content\/uploads\/sites\/38\/2025\/12\/itech-btw-bg-img-24x12.jpg 24w, https:\/\/itech.lukasiewicz.gov.pl\/wp-content\/uploads\/sites\/38\/2025\/12\/itech-btw-bg-img-36x18.jpg 36w, https:\/\/itech.lukasiewicz.gov.pl\/wp-content\/uploads\/sites\/38\/2025\/12\/itech-btw-bg-img-48x24.jpg 48w\" sizes=\"(max-width: 580px) 100vw, 580px\" \/>\t\t\t\t\t\t\t\t\t\t\t\t\t\t\t<\/div>\n\t\t\t\t<\/div>\n\t\t\t\t<\/div>\n\t\t\t\t\t<\/div>\n\t\t\t\t<\/div>\n\t\t<div class=\"elementor-element elementor-element-fd9bfed e-flex e-con-boxed e-con e-parent\" data-id=\"fd9bfed\" data-element_type=\"container\" data-e-type=\"container\" data-settings=\"{&quot;background_background&quot;:&quot;classic&quot;}\">\n\t\t\t\t\t<div class=\"e-con-inner\">\n\t\t\t\t<div class=\"elementor-element elementor-element-88962d7 title-decorator elementor-widget elementor-widget-heading\" data-id=\"88962d7\" data-element_type=\"widget\" data-e-type=\"widget\" data-widget_type=\"heading.default\">\n\t\t\t\t<div class=\"elementor-widget-container\">\n\t\t\t\t\t<p class=\"elementor-heading-title elementor-size-default\">Contact<\/p>\t\t\t\t<\/div>\n\t\t\t\t<\/div>\n\t\t\t\t<div class=\"elementor-element elementor-element-352f8ec new-theme-large-h2 elementor-widget elementor-widget-heading\" data-id=\"352f8ec\" data-element_type=\"widget\" data-e-type=\"widget\" data-widget_type=\"heading.default\">\n\t\t\t\t<div class=\"elementor-widget-container\">\n\t\t\t\t\t<h2 class=\"elementor-heading-title elementor-size-default\">Contact form<\/h2>\t\t\t\t<\/div>\n\t\t\t\t<\/div>\n\t\t\t\t<div class=\"elementor-element elementor-element-6b19aa2 elementor-widget elementor-widget-shortcode\" data-id=\"6b19aa2\" data-element_type=\"widget\" data-e-type=\"widget\" data-widget_type=\"shortcode.default\">\n\t\t\t\t<div class=\"elementor-widget-container\">\n\t\t\t\t\t\t\t<div class=\"elementor-shortcode\"><p class=\"wpcf7-contact-form-not-found\"><strong>Error:<\/strong> Contact form not found.<\/p><\/div>\n\t\t\t\t\t\t<\/div>\n\t\t\t\t<\/div>\n\t\t\t\t\t<\/div>\n\t\t\t\t<\/div>\n\t\t<div class=\"elementor-element elementor-element-4089e2f e-flex e-con-boxed e-con e-parent\" data-id=\"4089e2f\" data-element_type=\"container\" data-e-type=\"container\">\n\t\t\t\t\t<div class=\"e-con-inner\">\n\t\t\t\t<div class=\"elementor-element elementor-element-3cc0e0f title-decorator elementor-widget elementor-widget-heading\" data-id=\"3cc0e0f\" data-element_type=\"widget\" data-e-type=\"widget\" data-widget_type=\"heading.default\">\n\t\t\t\t<div class=\"elementor-widget-container\">\n\t\t\t\t\t<p class=\"elementor-heading-title elementor-size-default\">Publications<\/p>\t\t\t\t<\/div>\n\t\t\t\t<\/div>\n\t\t\t\t<div class=\"elementor-element elementor-element-7ff235d new-theme-large-h2 elementor-widget elementor-widget-heading\" data-id=\"7ff235d\" data-element_type=\"widget\" data-e-type=\"widget\" data-widget_type=\"heading.default\">\n\t\t\t\t<div class=\"elementor-widget-container\">\n\t\t\t\t\t<h2 class=\"elementor-heading-title elementor-size-default\">Check out the publications<\/h2>\t\t\t\t<\/div>\n\t\t\t\t<\/div>\n\t\t\t\t<div class=\"elementor-element elementor-element-c7ebeca elementor-grid-4 elementor-grid-tablet_extra-2 nsk-simple-news-loop elementor-grid-tablet-2 elementor-grid-mobile-1 elementor-posts--thumbnail-top elementor-widget elementor-widget-posts\" data-id=\"c7ebeca\" data-element_type=\"widget\" data-e-type=\"widget\" data-settings=\"{&quot;classic_columns&quot;:&quot;4&quot;,&quot;classic_columns_tablet_extra&quot;:&quot;2&quot;,&quot;classic_row_gap&quot;:{&quot;unit&quot;:&quot;px&quot;,&quot;size&quot;:16,&quot;sizes&quot;:[]},&quot;classic_columns_tablet&quot;:&quot;2&quot;,&quot;classic_columns_mobile&quot;:&quot;1&quot;,&quot;classic_row_gap_tablet_extra&quot;:{&quot;unit&quot;:&quot;px&quot;,&quot;size&quot;:&quot;&quot;,&quot;sizes&quot;:[]},&quot;classic_row_gap_tablet&quot;:{&quot;unit&quot;:&quot;px&quot;,&quot;size&quot;:&quot;&quot;,&quot;sizes&quot;:[]},&quot;classic_row_gap_mobile_extra&quot;:{&quot;unit&quot;:&quot;px&quot;,&quot;size&quot;:&quot;&quot;,&quot;sizes&quot;:[]},&quot;classic_row_gap_mobile&quot;:{&quot;unit&quot;:&quot;px&quot;,&quot;size&quot;:&quot;&quot;,&quot;sizes&quot;:[]}}\" data-widget_type=\"posts.classic\">\n\t\t\t\t<div class=\"elementor-widget-container\">\n\t\t\t\t\t\t\t<div class=\"elementor-posts-container elementor-posts elementor-posts--skin-classic elementor-grid\" role=\"list\">\n\t\t\t\t<article class=\"elementor-post elementor-grid-item post-60476 post type-post status-publish format-standard has-post-thumbnail hentry category-events category-news tag-events\" role=\"listitem\">\n\t\t\t\t<a class=\"elementor-post__thumbnail__link\" href=\"https:\/\/itech.lukasiewicz.gov.pl\/en\/32nd-building-interior-and-garden-fair-in-zielona-gora-2\/\" tabindex=\"-1\" >\n\t\t\t<div class=\"elementor-post__thumbnail\"><img decoding=\"async\" width=\"580\" height=\"387\" src=\"https:\/\/itech.lukasiewicz.gov.pl\/wp-content\/uploads\/sites\/38\/2026\/05\/Lukasiewicz-ITECH-wizyta-prof.-dr-hab.-inz.-Marii-Mrowczynskiej-Podsekretarza-Stanu-w-Ministerstwie-Nauki-i-Szkolnictwa-Wyzszego-768x512.jpg\" class=\"attachment-medium_large size-medium_large wp-image-60479\" alt=\"\u0141ukasiewicz - ITECH wizyta prof. dr hab. in\u017c. Marii Mr\u00f3wczy\u0144skiej, Podsekretarza Stanu w Ministerstwie Nauki i Szkolnictwa Wy\u017cszego\" srcset=\"https:\/\/itech.lukasiewicz.gov.pl\/wp-content\/uploads\/sites\/38\/2026\/05\/Lukasiewicz-ITECH-wizyta-prof.-dr-hab.-inz.-Marii-Mrowczynskiej-Podsekretarza-Stanu-w-Ministerstwie-Nauki-i-Szkolnictwa-Wyzszego-768x512.jpg 768w, https:\/\/itech.lukasiewicz.gov.pl\/wp-content\/uploads\/sites\/38\/2026\/05\/Lukasiewicz-ITECH-wizyta-prof.-dr-hab.-inz.-Marii-Mrowczynskiej-Podsekretarza-Stanu-w-Ministerstwie-Nauki-i-Szkolnictwa-Wyzszego-300x200.jpg 300w, https:\/\/itech.lukasiewicz.gov.pl\/wp-content\/uploads\/sites\/38\/2026\/05\/Lukasiewicz-ITECH-wizyta-prof.-dr-hab.-inz.-Marii-Mrowczynskiej-Podsekretarza-Stanu-w-Ministerstwie-Nauki-i-Szkolnictwa-Wyzszego-1024x683.jpg 1024w, https:\/\/itech.lukasiewicz.gov.pl\/wp-content\/uploads\/sites\/38\/2026\/05\/Lukasiewicz-ITECH-wizyta-prof.-dr-hab.-inz.-Marii-Mrowczynskiej-Podsekretarza-Stanu-w-Ministerstwie-Nauki-i-Szkolnictwa-Wyzszego-1536x1024.jpg 1536w, https:\/\/itech.lukasiewicz.gov.pl\/wp-content\/uploads\/sites\/38\/2026\/05\/Lukasiewicz-ITECH-wizyta-prof.-dr-hab.-inz.-Marii-Mrowczynskiej-Podsekretarza-Stanu-w-Ministerstwie-Nauki-i-Szkolnictwa-Wyzszego-1200x800.jpg 1200w, https:\/\/itech.lukasiewicz.gov.pl\/wp-content\/uploads\/sites\/38\/2026\/05\/Lukasiewicz-ITECH-wizyta-prof.-dr-hab.-inz.-Marii-Mrowczynskiej-Podsekretarza-Stanu-w-Ministerstwie-Nauki-i-Szkolnictwa-Wyzszego-24x16.jpg 24w, https:\/\/itech.lukasiewicz.gov.pl\/wp-content\/uploads\/sites\/38\/2026\/05\/Lukasiewicz-ITECH-wizyta-prof.-dr-hab.-inz.-Marii-Mrowczynskiej-Podsekretarza-Stanu-w-Ministerstwie-Nauki-i-Szkolnictwa-Wyzszego-36x24.jpg 36w, https:\/\/itech.lukasiewicz.gov.pl\/wp-content\/uploads\/sites\/38\/2026\/05\/Lukasiewicz-ITECH-wizyta-prof.-dr-hab.-inz.-Marii-Mrowczynskiej-Podsekretarza-Stanu-w-Ministerstwie-Nauki-i-Szkolnictwa-Wyzszego-48x32.jpg 48w, https:\/\/itech.lukasiewicz.gov.pl\/wp-content\/uploads\/sites\/38\/2026\/05\/Lukasiewicz-ITECH-wizyta-prof.-dr-hab.-inz.-Marii-Mrowczynskiej-Podsekretarza-Stanu-w-Ministerstwie-Nauki-i-Szkolnictwa-Wyzszego.jpg 1650w\" sizes=\"(max-width: 580px) 100vw, 580px\" \/><\/div>\n\t\t<\/a>\n\t\t\t\t<div class=\"elementor-post__text\">\n\t\t\t\t<h3 class=\"elementor-post__title\">\n\t\t\t<a href=\"https:\/\/itech.lukasiewicz.gov.pl\/en\/32nd-building-interior-and-garden-fair-in-zielona-gora-2\/\" >\n\t\t\t\t32nd Building, Interior and Garden Fair in Zielona Gora\t\t\t<\/a>\n\t\t<\/h3>\n\t\t\t\t<div class=\"elementor-post__meta-data\">\n\t\t\t\t\t<span class=\"elementor-post-date\">\n\t\t\t2026-05-07\t\t<\/span>\n\t\t\t\t<\/div>\n\t\t\t\t<\/div>\n\t\t\t\t<\/article>\n\t\t\t\t<article class=\"elementor-post elementor-grid-item post-60458 post type-post status-publish format-standard has-post-thumbnail hentry category-events category-news tag-events\" role=\"listitem\">\n\t\t\t\t<a class=\"elementor-post__thumbnail__link\" href=\"https:\/\/itech.lukasiewicz.gov.pl\/en\/32nd-building-interior-and-garden-fair-in-zielona-gora\/\" tabindex=\"-1\" >\n\t\t\t<div class=\"elementor-post__thumbnail\"><img decoding=\"async\" width=\"580\" height=\"387\" src=\"https:\/\/itech.lukasiewicz.gov.pl\/wp-content\/uploads\/sites\/38\/2026\/05\/Lukasiewicz-ITECH-na-targach-budownictwa--768x512.jpg\" class=\"attachment-medium_large size-medium_large wp-image-60457\" alt=\"Lukasiewicz - ITECH at construction fair\" srcset=\"https:\/\/itech.lukasiewicz.gov.pl\/wp-content\/uploads\/sites\/38\/2026\/05\/Lukasiewicz-ITECH-na-targach-budownictwa--768x512.jpg 768w, https:\/\/itech.lukasiewicz.gov.pl\/wp-content\/uploads\/sites\/38\/2026\/05\/Lukasiewicz-ITECH-na-targach-budownictwa--300x200.jpg 300w, https:\/\/itech.lukasiewicz.gov.pl\/wp-content\/uploads\/sites\/38\/2026\/05\/Lukasiewicz-ITECH-na-targach-budownictwa--1024x683.jpg 1024w, https:\/\/itech.lukasiewicz.gov.pl\/wp-content\/uploads\/sites\/38\/2026\/05\/Lukasiewicz-ITECH-na-targach-budownictwa--1536x1024.jpg 1536w, https:\/\/itech.lukasiewicz.gov.pl\/wp-content\/uploads\/sites\/38\/2026\/05\/Lukasiewicz-ITECH-na-targach-budownictwa--1200x800.jpg 1200w, https:\/\/itech.lukasiewicz.gov.pl\/wp-content\/uploads\/sites\/38\/2026\/05\/Lukasiewicz-ITECH-na-targach-budownictwa--24x16.jpg 24w, https:\/\/itech.lukasiewicz.gov.pl\/wp-content\/uploads\/sites\/38\/2026\/05\/Lukasiewicz-ITECH-na-targach-budownictwa--36x24.jpg 36w, https:\/\/itech.lukasiewicz.gov.pl\/wp-content\/uploads\/sites\/38\/2026\/05\/Lukasiewicz-ITECH-na-targach-budownictwa--48x32.jpg 48w, https:\/\/itech.lukasiewicz.gov.pl\/wp-content\/uploads\/sites\/38\/2026\/05\/Lukasiewicz-ITECH-na-targach-budownictwa-.jpg 1650w\" sizes=\"(max-width: 580px) 100vw, 580px\" \/><\/div>\n\t\t<\/a>\n\t\t\t\t<div class=\"elementor-post__text\">\n\t\t\t\t<h3 class=\"elementor-post__title\">\n\t\t\t<a href=\"https:\/\/itech.lukasiewicz.gov.pl\/en\/32nd-building-interior-and-garden-fair-in-zielona-gora\/\" >\n\t\t\t\t32nd Building, Interior and Garden Fair in Zielona Gora\t\t\t<\/a>\n\t\t<\/h3>\n\t\t\t\t<div class=\"elementor-post__meta-data\">\n\t\t\t\t\t<span class=\"elementor-post-date\">\n\t\t\t2026-05-07\t\t<\/span>\n\t\t\t\t<\/div>\n\t\t\t\t<\/div>\n\t\t\t\t<\/article>\n\t\t\t\t<article class=\"elementor-post elementor-grid-item post-60467 post type-post status-publish format-standard has-post-thumbnail hentry category-events category-news tag-events\" role=\"listitem\">\n\t\t\t\t<a class=\"elementor-post__thumbnail__link\" href=\"https:\/\/itech.lukasiewicz.gov.pl\/en\/lukasiewicz-itech-seminar-on-a-new-development-model-for-poland-for-the-second-quarter-of-the-21st-century-jadwiga-staniszkis-perspective\/\" tabindex=\"-1\" >\n\t\t\t<div class=\"elementor-post__thumbnail\"><img loading=\"lazy\" decoding=\"async\" width=\"580\" height=\"387\" src=\"https:\/\/itech.lukasiewicz.gov.pl\/wp-content\/uploads\/sites\/38\/2026\/05\/Jadwiga-Staniszkis-Lukasiewicz-ITECH-Think-Tank-Polska-768x512.jpg\" class=\"attachment-medium_large size-medium_large wp-image-60466\" alt=\"Jadwiga Staniszkis \u0141ukasiewicz - ITECH Think Tank Poland\" srcset=\"https:\/\/itech.lukasiewicz.gov.pl\/wp-content\/uploads\/sites\/38\/2026\/05\/Jadwiga-Staniszkis-Lukasiewicz-ITECH-Think-Tank-Polska-768x512.jpg 768w, https:\/\/itech.lukasiewicz.gov.pl\/wp-content\/uploads\/sites\/38\/2026\/05\/Jadwiga-Staniszkis-Lukasiewicz-ITECH-Think-Tank-Polska-300x200.jpg 300w, https:\/\/itech.lukasiewicz.gov.pl\/wp-content\/uploads\/sites\/38\/2026\/05\/Jadwiga-Staniszkis-Lukasiewicz-ITECH-Think-Tank-Polska-1024x683.jpg 1024w, https:\/\/itech.lukasiewicz.gov.pl\/wp-content\/uploads\/sites\/38\/2026\/05\/Jadwiga-Staniszkis-Lukasiewicz-ITECH-Think-Tank-Polska-24x16.jpg 24w, https:\/\/itech.lukasiewicz.gov.pl\/wp-content\/uploads\/sites\/38\/2026\/05\/Jadwiga-Staniszkis-Lukasiewicz-ITECH-Think-Tank-Polska-36x24.jpg 36w, https:\/\/itech.lukasiewicz.gov.pl\/wp-content\/uploads\/sites\/38\/2026\/05\/Jadwiga-Staniszkis-Lukasiewicz-ITECH-Think-Tank-Polska-48x32.jpg 48w, https:\/\/itech.lukasiewicz.gov.pl\/wp-content\/uploads\/sites\/38\/2026\/05\/Jadwiga-Staniszkis-Lukasiewicz-ITECH-Think-Tank-Polska.jpg 1200w\" sizes=\"(max-width: 580px) 100vw, 580px\" \/><\/div>\n\t\t<\/a>\n\t\t\t\t<div class=\"elementor-post__text\">\n\t\t\t\t<h3 class=\"elementor-post__title\">\n\t\t\t<a href=\"https:\/\/itech.lukasiewicz.gov.pl\/en\/lukasiewicz-itech-seminar-on-a-new-development-model-for-poland-for-the-second-quarter-of-the-21st-century-jadwiga-staniszkis-perspective\/\" >\n\t\t\t\t\u0141ukasiewicz &#8211; ITECH seminar on &#8220;A new development model for Poland for the second quarter of the 21st century &#8211; Jadwiga Staniszkis&#8217; perspective&#8221;.\t\t\t<\/a>\n\t\t<\/h3>\n\t\t\t\t<div class=\"elementor-post__meta-data\">\n\t\t\t\t\t<span class=\"elementor-post-date\">\n\t\t\t2026-05-04\t\t<\/span>\n\t\t\t\t<\/div>\n\t\t\t\t<\/div>\n\t\t\t\t<\/article>\n\t\t\t\t<article class=\"elementor-post elementor-grid-item post-60356 post type-post status-publish format-standard hentry category-public-procurement tag-public-procurement\" role=\"listitem\">\n\t\t\t\t<div class=\"elementor-post__text\">\n\t\t\t\t<h3 class=\"elementor-post__title\">\n\t\t\t<a href=\"https:\/\/itech.lukasiewicz.gov.pl\/en\/conducting-a-nationwide-survey-using-the-capi-technique-on-understanding-the-energy-transition-process\/\" >\n\t\t\t\tConducting a nationwide survey using the CAPI technique on understanding the energy transition process\t\t\t<\/a>\n\t\t<\/h3>\n\t\t\t\t<div class=\"elementor-post__meta-data\">\n\t\t\t\t\t<span class=\"elementor-post-date\">\n\t\t\t2026-05-04\t\t<\/span>\n\t\t\t\t<\/div>\n\t\t\t\t<\/div>\n\t\t\t\t<\/article>\n\t\t\t\t<\/div>\n\t\t\n\t\t\t\t\t\t<\/div>\n\t\t\t\t<\/div>\n\t\t\t\t\t<\/div>\n\t\t\t\t<\/div>\n\t\t\t\t<\/div>\n\t\t","protected":false},"excerpt":{"rendered":"<p>We have developed specialized reports that are both an analysis of the state of public perception of new technologies and reports that are an analysis<\/p>\n","protected":false},"author":206,"featured_media":0,"parent":57850,"menu_order":0,"comment_status":"closed","ping_status":"closed","template":"","meta":{"_acf_changed":false,"_seopress_robots_primary_cat":"","_seopress_titles_title":"","_seopress_titles_desc":"","_seopress_robots_index":"","inline_featured_image":false,"footnotes":""},"class_list":["post-58009","page","type-page","status-publish","hentry"],"acf":{"page_icon":{"ID":53775,"id":53775,"title":"itech-ico-24","filename":"itech-ico-24.svg","filesize":1911,"url":"https:\/\/itech.lukasiewicz.gov.pl\/wp-content\/uploads\/sites\/38\/2025\/12\/itech-ico-24.svg","link":"https:\/\/itech.lukasiewicz.gov.pl\/en\/collaboration\/offer\/reports\/itech-ico-24-2\/","alt":"","author":"206","description":"","caption":"","name":"itech-ico-24-2","status":"inherit","uploaded_to":58009,"date":"2025-12-16 12:37:35","modified":"2026-02-13 17:03:52","menu_order":0,"mime_type":"image\/svg+xml","type":"image","subtype":"svg+xml","icon":"https:\/\/itech.lukasiewicz.gov.pl\/wp-includes\/images\/media\/default.png","width":40,"height":40,"sizes":{"thumbnail":"https:\/\/itech.lukasiewicz.gov.pl\/wp-content\/uploads\/sites\/38\/2025\/12\/itech-ico-24.svg","thumbnail-width":150,"thumbnail-height":150,"medium":"https:\/\/itech.lukasiewicz.gov.pl\/wp-content\/uploads\/sites\/38\/2025\/12\/itech-ico-24.svg","medium-width":300,"medium-height":300,"medium_large":"https:\/\/itech.lukasiewicz.gov.pl\/wp-content\/uploads\/sites\/38\/2025\/12\/itech-ico-24.svg","medium_large-width":580,"medium_large-height":580,"large":"https:\/\/itech.lukasiewicz.gov.pl\/wp-content\/uploads\/sites\/38\/2025\/12\/itech-ico-24.svg","large-width":580,"large-height":580,"1536x1536":"https:\/\/itech.lukasiewicz.gov.pl\/wp-content\/uploads\/sites\/38\/2025\/12\/itech-ico-24.svg","1536x1536-width":40,"1536x1536-height":40,"2048x2048":"https:\/\/itech.lukasiewicz.gov.pl\/wp-content\/uploads\/sites\/38\/2025\/12\/itech-ico-24.svg","2048x2048-width":40,"2048x2048-height":40,"news-section-thumbnail":"https:\/\/itech.lukasiewicz.gov.pl\/wp-content\/uploads\/sites\/38\/2025\/12\/itech-ico-24.svg","news-section-thumbnail-width":40,"news-section-thumbnail-height":40,"post-thumbnail":"https:\/\/itech.lukasiewicz.gov.pl\/wp-content\/uploads\/sites\/38\/2025\/12\/itech-ico-24.svg","post-thumbnail-width":40,"post-thumbnail-height":40,"twentytwenty-fullscreen":"https:\/\/itech.lukasiewicz.gov.pl\/wp-content\/uploads\/sites\/38\/2025\/12\/itech-ico-24.svg","twentytwenty-fullscreen-width":40,"twentytwenty-fullscreen-height":40,"menu-24x24":"https:\/\/itech.lukasiewicz.gov.pl\/wp-content\/uploads\/sites\/38\/2025\/12\/itech-ico-24.svg","menu-24x24-width":24,"menu-24x24-height":24,"menu-36x36":"https:\/\/itech.lukasiewicz.gov.pl\/wp-content\/uploads\/sites\/38\/2025\/12\/itech-ico-24.svg","menu-36x36-width":36,"menu-36x36-height":36,"menu-48x48":"https:\/\/itech.lukasiewicz.gov.pl\/wp-content\/uploads\/sites\/38\/2025\/12\/itech-ico-24.svg","menu-48x48-width":40,"menu-48x48-height":40}}},"publishpress_future_action":{"enabled":false,"date":"2026-05-14 20:44:29","action":"change-status","newStatus":"draft","terms":[],"taxonomy":"translation_priority","extraData":[]},"publishpress_future_workflow_manual_trigger":{"enabledWorkflows":[]},"_links":{"self":[{"href":"https:\/\/itech.lukasiewicz.gov.pl\/en\/wp-json\/wp\/v2\/pages\/58009","targetHints":{"allow":["GET"]}}],"collection":[{"href":"https:\/\/itech.lukasiewicz.gov.pl\/en\/wp-json\/wp\/v2\/pages"}],"about":[{"href":"https:\/\/itech.lukasiewicz.gov.pl\/en\/wp-json\/wp\/v2\/types\/page"}],"author":[{"embeddable":true,"href":"https:\/\/itech.lukasiewicz.gov.pl\/en\/wp-json\/wp\/v2\/users\/206"}],"replies":[{"embeddable":true,"href":"https:\/\/itech.lukasiewicz.gov.pl\/en\/wp-json\/wp\/v2\/comments?post=58009"}],"version-history":[{"count":2,"href":"https:\/\/itech.lukasiewicz.gov.pl\/en\/wp-json\/wp\/v2\/pages\/58009\/revisions"}],"predecessor-version":[{"id":58015,"href":"https:\/\/itech.lukasiewicz.gov.pl\/en\/wp-json\/wp\/v2\/pages\/58009\/revisions\/58015"}],"up":[{"embeddable":true,"href":"https:\/\/itech.lukasiewicz.gov.pl\/en\/wp-json\/wp\/v2\/pages\/57850"}],"wp:attachment":[{"href":"https:\/\/itech.lukasiewicz.gov.pl\/en\/wp-json\/wp\/v2\/media?parent=58009"}],"curies":[{"name":"wp","href":"https:\/\/api.w.org\/{rel}","templated":true}]}}