{"id":57898,"date":"2025-12-23T10:58:22","date_gmt":"2025-12-23T09:58:22","guid":{"rendered":"https:\/\/itech.lukasiewicz.gov.pl\/news\/"},"modified":"2026-02-13T17:31:48","modified_gmt":"2026-02-13T16:31:48","slug":"news","status":"publish","type":"page","link":"https:\/\/itech.lukasiewicz.gov.pl\/en\/news\/","title":{"rendered":"News"},"content":{"rendered":"\t\t<div data-elementor-type=\"wp-page\" data-elementor-id=\"57898\" class=\"elementor elementor-57898 elementor-54529\" data-elementor-post-type=\"page\">\n\t\t\t\t<div class=\"elementor-element elementor-element-7459a62 e-flex e-con-boxed e-con e-parent\" data-id=\"7459a62\" data-element_type=\"container\" data-e-type=\"container\">\n\t\t\t\t\t<div class=\"e-con-inner\">\n\t\t\t\t<div class=\"elementor-element elementor-element-c20630c elementor-widget elementor-widget-spacer\" data-id=\"c20630c\" data-element_type=\"widget\" data-e-type=\"widget\" data-widget_type=\"spacer.default\">\n\t\t\t\t<div class=\"elementor-widget-container\">\n\t\t\t\t\t\t\t<div class=\"elementor-spacer\">\n\t\t\t<div class=\"elementor-spacer-inner\"><\/div>\n\t\t<\/div>\n\t\t\t\t\t\t<\/div>\n\t\t\t\t<\/div>\n\t\t\t\t<div class=\"elementor-element elementor-element-6f36066 elementor-widget elementor-widget-shortcode\" data-id=\"6f36066\" data-element_type=\"widget\" data-e-type=\"widget\" data-widget_type=\"shortcode.default\">\n\t\t\t\t<div class=\"elementor-widget-container\">\n\t\t\t\t\t\t\t<div class=\"elementor-shortcode\"><div id=\"nsk-articles-loop\" class=\"nsk-articles-loop--wrapper\"><div class=\"itech-articles-loop__filters\"><form id=\"cpl-cc14_form\" class=\"itech-articles-loop__filter-form\" method=\"get\"><label for=\"cpl-cc14_select\" class=\"itech-articles-loop__filter-label\">Wybierz temat<\/label><select id=\"cpl-cc14_select\" class=\"itech-articles-loop__filter-select\" name=\"kategoria\"><option value=\"\"  selected='selected' title=\"Wszystkie tematy\">Wszystkie tematy<\/option><option value=\"events\"  title=\"Events\">Events<\/option><option value=\"media-en\"  title=\"Media\">Media<\/option><option value=\"other\"  title=\"Other\">Other<\/option><option value=\"projects\"  title=\"Projects\">Projects<\/option><\/select><div class=\"itech-articles-loop__filter-selected\" aria-live=\"polite\" data-prefix=\"Wybrano:\">Wybrano: Wszystkie tematy<\/div><noscript><button type=\"submit\" class=\"itech-articles-loop__filter-submit\">OK<\/button><\/noscript><\/form><script>\n                    (function(){\n                        var s = document.getElementById(\"cpl-cc14_select\");\n                        var f = document.getElementById(\"cpl-cc14_form\");\n                        var ss = f ? f.querySelector(\".itech-articles-loop__filter-selected\") : null;\n                        if(!s || !f) return;\n\n                        var measurer = document.createElement(\"span\");\n                        measurer.setAttribute(\"aria-hidden\", \"true\");\n                        measurer.style.position = \"absolute\";\n                        measurer.style.left = \"-9999px\";\n                        measurer.style.top = \"0\";\n                        measurer.style.whiteSpace = \"nowrap\";\n                        measurer.style.visibility = \"hidden\";\n                        measurer.style.pointerEvents = \"none\";\n                        document.body.appendChild(measurer);\n\n                        function copyFontStyles(fromEl, toEl){\n                            var cs = window.getComputedStyle(fromEl);\n                            toEl.style.fontFamily   = cs.fontFamily;\n                            toEl.style.fontSize     = cs.fontSize;\n                            toEl.style.fontWeight   = cs.fontWeight;\n                            toEl.style.fontStyle    = cs.fontStyle;\n                            toEl.style.letterSpacing= cs.letterSpacing;\n                            toEl.style.textTransform= cs.textTransform;\n                        }\n\n                        function getAvailableTextWidth(selectEl){\n                            var cs = window.getComputedStyle(selectEl);\n                            var pw = parseFloat(cs.paddingLeft) + parseFloat(cs.paddingRight);\n                            var arrowSpace = 22;\n                            return selectEl.clientWidth - pw - arrowSpace;\n                        }\n\n                        function isTruncated(selectEl){\n                            var opt = selectEl.options[selectEl.selectedIndex];\n                            var txt = opt ? opt.text : \"\";\n                            copyFontStyles(selectEl, measurer);\n                            measurer.textContent = txt;\n                            var textWidth = measurer.offsetWidth;\n                            var avail = getAvailableTextWidth(selectEl);\n                            return textWidth > avail;\n                        }\n\n                        function updateSelectedPreview(){\n                            if(!ss) return;\n                            var prefix = ss.getAttribute(\"data-prefix\") || \"Wybrano:\";\n                            var txt = s.options[s.selectedIndex] ? s.options[s.selectedIndex].text : \"\";\n                            var truncated = isTruncated(s);\n                            ss.style.display = truncated ? \"block\" : \"none\";\n                            if(truncated){\n                                ss.textContent = prefix + \" \" + txt;\n                            }\n                        }\n\n                        s.addEventListener(\"change\", function(){\n                            var cp = f.querySelector('input[name=\"custom_paged\"]');\n                            if (cp && cp.parentNode) cp.parentNode.removeChild(cp);\n                            updateSelectedPreview();\n                            f.submit();\n                        });\n\n                        updateSelectedPreview();\n                        window.addEventListener(\"resize\", updateSelectedPreview);\n                    })();\n                <\/script><\/div><div id=\"nsk-articles-loop\" class=\"itech-articles-loop__posts\"><article class=\"itech-articles-loop__post\"><div class=\"itech-articles-loop__inner\"><div class=\"itech-articles-loop__thumbnail\"><img fetchpriority=\"high\" decoding=\"async\" width=\"580\" height=\"387\" src=\"https:\/\/itech.lukasiewicz.gov.pl\/wp-content\/uploads\/sites\/38\/2026\/05\/Lukasiewicz-ITECH-wizyta-prof.-dr-hab.-inz.-Marii-Mrowczynskiej-Podsekretarza-Stanu-w-Ministerstwie-Nauki-i-Szkolnictwa-Wyzszego-1024x683.jpg\" class=\"attachment-large size-large wp-post-image\" alt=\"\u0141ukasiewicz - ITECH wizyta prof. dr hab. in\u017c. Marii Mr\u00f3wczy\u0144skiej, Podsekretarza Stanu w Ministerstwie Nauki i Szkolnictwa Wy\u017cszego\" srcset=\"https:\/\/itech.lukasiewicz.gov.pl\/wp-content\/uploads\/sites\/38\/2026\/05\/Lukasiewicz-ITECH-wizyta-prof.-dr-hab.-inz.-Marii-Mrowczynskiej-Podsekretarza-Stanu-w-Ministerstwie-Nauki-i-Szkolnictwa-Wyzszego-1024x683.jpg 1024w, https:\/\/itech.lukasiewicz.gov.pl\/wp-content\/uploads\/sites\/38\/2026\/05\/Lukasiewicz-ITECH-wizyta-prof.-dr-hab.-inz.-Marii-Mrowczynskiej-Podsekretarza-Stanu-w-Ministerstwie-Nauki-i-Szkolnictwa-Wyzszego-300x200.jpg 300w, https:\/\/itech.lukasiewicz.gov.pl\/wp-content\/uploads\/sites\/38\/2026\/05\/Lukasiewicz-ITECH-wizyta-prof.-dr-hab.-inz.-Marii-Mrowczynskiej-Podsekretarza-Stanu-w-Ministerstwie-Nauki-i-Szkolnictwa-Wyzszego-768x512.jpg 768w, https:\/\/itech.lukasiewicz.gov.pl\/wp-content\/uploads\/sites\/38\/2026\/05\/Lukasiewicz-ITECH-wizyta-prof.-dr-hab.-inz.-Marii-Mrowczynskiej-Podsekretarza-Stanu-w-Ministerstwie-Nauki-i-Szkolnictwa-Wyzszego-1536x1024.jpg 1536w, https:\/\/itech.lukasiewicz.gov.pl\/wp-content\/uploads\/sites\/38\/2026\/05\/Lukasiewicz-ITECH-wizyta-prof.-dr-hab.-inz.-Marii-Mrowczynskiej-Podsekretarza-Stanu-w-Ministerstwie-Nauki-i-Szkolnictwa-Wyzszego-1200x800.jpg 1200w, https:\/\/itech.lukasiewicz.gov.pl\/wp-content\/uploads\/sites\/38\/2026\/05\/Lukasiewicz-ITECH-wizyta-prof.-dr-hab.-inz.-Marii-Mrowczynskiej-Podsekretarza-Stanu-w-Ministerstwie-Nauki-i-Szkolnictwa-Wyzszego-24x16.jpg 24w, https:\/\/itech.lukasiewicz.gov.pl\/wp-content\/uploads\/sites\/38\/2026\/05\/Lukasiewicz-ITECH-wizyta-prof.-dr-hab.-inz.-Marii-Mrowczynskiej-Podsekretarza-Stanu-w-Ministerstwie-Nauki-i-Szkolnictwa-Wyzszego-36x24.jpg 36w, https:\/\/itech.lukasiewicz.gov.pl\/wp-content\/uploads\/sites\/38\/2026\/05\/Lukasiewicz-ITECH-wizyta-prof.-dr-hab.-inz.-Marii-Mrowczynskiej-Podsekretarza-Stanu-w-Ministerstwie-Nauki-i-Szkolnictwa-Wyzszego-48x32.jpg 48w, https:\/\/itech.lukasiewicz.gov.pl\/wp-content\/uploads\/sites\/38\/2026\/05\/Lukasiewicz-ITECH-wizyta-prof.-dr-hab.-inz.-Marii-Mrowczynskiej-Podsekretarza-Stanu-w-Ministerstwie-Nauki-i-Szkolnictwa-Wyzszego.jpg 1650w\" sizes=\"(max-width: 580px) 100vw, 580px\" \/><\/div><div class=\"itech-articles-loop__content\"><h2 class=\"itech-articles-loop__title\">32nd Building, Interior and Garden Fair in Zielona Gora<\/h2><div class=\"itech-articles-loop__date\">Opublikowano: 07.05.2026<\/div><div class=\"itech-articles-loop__excerpt\">In April, we were hosted in Zielona Gora, where, at the invitation of the Zielona Gora City Hall and Waldemar Kotlarski, the mayor&#039;s plenipotentiary for institutional relations, we took part in the 32nd Building, Interior and Garden Fair.<\/div><a class=\"itech-articles-loop__link\" href=\"https:\/\/itech.lukasiewicz.gov.pl\/en\/32nd-building-interior-and-garden-fair-in-zielona-gora-2\/\">Czytaj wi\u0119cej<\/a><\/div><\/div><\/article><article class=\"itech-articles-loop__post\"><div class=\"itech-articles-loop__inner\"><div class=\"itech-articles-loop__thumbnail\"><img decoding=\"async\" width=\"580\" height=\"387\" src=\"https:\/\/itech.lukasiewicz.gov.pl\/wp-content\/uploads\/sites\/38\/2026\/05\/Lukasiewicz-ITECH-na-targach-budownictwa--1024x683.jpg\" class=\"attachment-large size-large wp-post-image\" alt=\"Lukasiewicz - ITECH at construction fair\" srcset=\"https:\/\/itech.lukasiewicz.gov.pl\/wp-content\/uploads\/sites\/38\/2026\/05\/Lukasiewicz-ITECH-na-targach-budownictwa--1024x683.jpg 1024w, https:\/\/itech.lukasiewicz.gov.pl\/wp-content\/uploads\/sites\/38\/2026\/05\/Lukasiewicz-ITECH-na-targach-budownictwa--300x200.jpg 300w, https:\/\/itech.lukasiewicz.gov.pl\/wp-content\/uploads\/sites\/38\/2026\/05\/Lukasiewicz-ITECH-na-targach-budownictwa--768x512.jpg 768w, https:\/\/itech.lukasiewicz.gov.pl\/wp-content\/uploads\/sites\/38\/2026\/05\/Lukasiewicz-ITECH-na-targach-budownictwa--1536x1024.jpg 1536w, https:\/\/itech.lukasiewicz.gov.pl\/wp-content\/uploads\/sites\/38\/2026\/05\/Lukasiewicz-ITECH-na-targach-budownictwa--1200x800.jpg 1200w, https:\/\/itech.lukasiewicz.gov.pl\/wp-content\/uploads\/sites\/38\/2026\/05\/Lukasiewicz-ITECH-na-targach-budownictwa--24x16.jpg 24w, https:\/\/itech.lukasiewicz.gov.pl\/wp-content\/uploads\/sites\/38\/2026\/05\/Lukasiewicz-ITECH-na-targach-budownictwa--36x24.jpg 36w, https:\/\/itech.lukasiewicz.gov.pl\/wp-content\/uploads\/sites\/38\/2026\/05\/Lukasiewicz-ITECH-na-targach-budownictwa--48x32.jpg 48w, https:\/\/itech.lukasiewicz.gov.pl\/wp-content\/uploads\/sites\/38\/2026\/05\/Lukasiewicz-ITECH-na-targach-budownictwa-.jpg 1650w\" sizes=\"(max-width: 580px) 100vw, 580px\" \/><\/div><div class=\"itech-articles-loop__content\"><h2 class=\"itech-articles-loop__title\">32nd Building, Interior and Garden Fair in Zielona Gora<\/h2><div class=\"itech-articles-loop__date\">Opublikowano: 07.05.2026<\/div><div class=\"itech-articles-loop__excerpt\">In April, we were hosted in Zielona Gora, where, at the invitation of the Zielona Gora City Hall and Waldemar Kotlarski, the mayor&#039;s plenipotentiary for institutional relations, we took part in the 32nd Building, Interior and Garden Fair.<\/div><a class=\"itech-articles-loop__link\" href=\"https:\/\/itech.lukasiewicz.gov.pl\/en\/32nd-building-interior-and-garden-fair-in-zielona-gora\/\">Czytaj wi\u0119cej<\/a><\/div><\/div><\/article><article class=\"itech-articles-loop__post\"><div class=\"itech-articles-loop__inner\"><div class=\"itech-articles-loop__thumbnail\"><img decoding=\"async\" width=\"580\" height=\"387\" src=\"https:\/\/itech.lukasiewicz.gov.pl\/wp-content\/uploads\/sites\/38\/2026\/05\/Jadwiga-Staniszkis-Lukasiewicz-ITECH-Think-Tank-Polska-1024x683.jpg\" class=\"attachment-large size-large wp-post-image\" alt=\"Jadwiga Staniszkis \u0141ukasiewicz - ITECH Think Tank Poland\" srcset=\"https:\/\/itech.lukasiewicz.gov.pl\/wp-content\/uploads\/sites\/38\/2026\/05\/Jadwiga-Staniszkis-Lukasiewicz-ITECH-Think-Tank-Polska-1024x683.jpg 1024w, https:\/\/itech.lukasiewicz.gov.pl\/wp-content\/uploads\/sites\/38\/2026\/05\/Jadwiga-Staniszkis-Lukasiewicz-ITECH-Think-Tank-Polska-300x200.jpg 300w, https:\/\/itech.lukasiewicz.gov.pl\/wp-content\/uploads\/sites\/38\/2026\/05\/Jadwiga-Staniszkis-Lukasiewicz-ITECH-Think-Tank-Polska-768x512.jpg 768w, https:\/\/itech.lukasiewicz.gov.pl\/wp-content\/uploads\/sites\/38\/2026\/05\/Jadwiga-Staniszkis-Lukasiewicz-ITECH-Think-Tank-Polska-24x16.jpg 24w, https:\/\/itech.lukasiewicz.gov.pl\/wp-content\/uploads\/sites\/38\/2026\/05\/Jadwiga-Staniszkis-Lukasiewicz-ITECH-Think-Tank-Polska-36x24.jpg 36w, https:\/\/itech.lukasiewicz.gov.pl\/wp-content\/uploads\/sites\/38\/2026\/05\/Jadwiga-Staniszkis-Lukasiewicz-ITECH-Think-Tank-Polska-48x32.jpg 48w, https:\/\/itech.lukasiewicz.gov.pl\/wp-content\/uploads\/sites\/38\/2026\/05\/Jadwiga-Staniszkis-Lukasiewicz-ITECH-Think-Tank-Polska.jpg 1200w\" sizes=\"(max-width: 580px) 100vw, 580px\" \/><\/div><div class=\"itech-articles-loop__content\"><h2 class=\"itech-articles-loop__title\">\u0141ukasiewicz &#8211; ITECH seminar on &#8220;A new development model for Poland for the second quarter of the 21st century &#8211; Jadwiga Staniszkis&#8217; perspective&#8221;.<\/h2><div class=\"itech-articles-loop__date\">Opublikowano: 04.05.2026<\/div><div class=\"itech-articles-loop__excerpt\">&quot;The system does not strive for equilibrium by eliminating tensions. The system persists through their reproduction.&quot; This thought by Jadwiga Staniszkis, recalled by Krzysztof Katkowski during a seminar at \u0141ukasiewicz - ITECH on &quot;A new development model for Poland for the second quarter of the 21st century - Jadwiga Staniszkis&#039; perspective,&quot; stays in the mind for a long time.<\/div><a class=\"itech-articles-loop__link\" href=\"https:\/\/itech.lukasiewicz.gov.pl\/en\/lukasiewicz-itech-seminar-on-a-new-development-model-for-poland-for-the-second-quarter-of-the-21st-century-jadwiga-staniszkis-perspective\/\">Czytaj wi\u0119cej<\/a><\/div><\/div><\/article><article class=\"itech-articles-loop__post\"><div class=\"itech-articles-loop__inner\"><div class=\"itech-articles-loop__thumbnail\"><img loading=\"lazy\" decoding=\"async\" width=\"580\" height=\"435\" src=\"https:\/\/itech.lukasiewicz.gov.pl\/wp-content\/uploads\/sites\/38\/2026\/04\/Lukasiewicz-ITECH-na-Road-to-URC-1024x768.jpeg\" class=\"attachment-large size-large wp-post-image\" alt=\"Lukasiewicz - ITECH on Road to URC\" srcset=\"https:\/\/itech.lukasiewicz.gov.pl\/wp-content\/uploads\/sites\/38\/2026\/04\/Lukasiewicz-ITECH-na-Road-to-URC-1024x768.jpeg 1024w, https:\/\/itech.lukasiewicz.gov.pl\/wp-content\/uploads\/sites\/38\/2026\/04\/Lukasiewicz-ITECH-na-Road-to-URC-300x225.jpeg 300w, https:\/\/itech.lukasiewicz.gov.pl\/wp-content\/uploads\/sites\/38\/2026\/04\/Lukasiewicz-ITECH-na-Road-to-URC-768x576.jpeg 768w, https:\/\/itech.lukasiewicz.gov.pl\/wp-content\/uploads\/sites\/38\/2026\/04\/Lukasiewicz-ITECH-na-Road-to-URC-1536x1152.jpeg 1536w, https:\/\/itech.lukasiewicz.gov.pl\/wp-content\/uploads\/sites\/38\/2026\/04\/Lukasiewicz-ITECH-na-Road-to-URC-1200x900.jpeg 1200w, https:\/\/itech.lukasiewicz.gov.pl\/wp-content\/uploads\/sites\/38\/2026\/04\/Lukasiewicz-ITECH-na-Road-to-URC-24x18.jpeg 24w, https:\/\/itech.lukasiewicz.gov.pl\/wp-content\/uploads\/sites\/38\/2026\/04\/Lukasiewicz-ITECH-na-Road-to-URC-36x27.jpeg 36w, https:\/\/itech.lukasiewicz.gov.pl\/wp-content\/uploads\/sites\/38\/2026\/04\/Lukasiewicz-ITECH-na-Road-to-URC-48x36.jpeg 48w, https:\/\/itech.lukasiewicz.gov.pl\/wp-content\/uploads\/sites\/38\/2026\/04\/Lukasiewicz-ITECH-na-Road-to-URC.jpeg 1600w\" sizes=\"(max-width: 580px) 100vw, 580px\" \/><\/div><div class=\"itech-articles-loop__content\"><h2 class=\"itech-articles-loop__title\">\u0141ukasiewicz &#8211; ITECH at &#8220;Road to URC&#8221; conference in Rzesz\u00f3w<\/h2><div class=\"itech-articles-loop__date\">Opublikowano: 30.04.2026<\/div><div class=\"itech-articles-loop__excerpt\">Lukasiewicz - ITECH participated in the &quot;Road to URC - Security and Defense Dimension&quot; conference held in Rzeszow. The Institute was represented by Director Dr. Michal Matlak, leading a panel discussion on the role of modern technologies in the process of rebuilding Ukraine.<\/div><a class=\"itech-articles-loop__link\" href=\"https:\/\/itech.lukasiewicz.gov.pl\/en\/lukasiewicz-itech-at-road-to-urc-conference-in-rzeszow\/\">Czytaj wi\u0119cej<\/a><\/div><\/div><\/article><article class=\"itech-articles-loop__post\"><div class=\"itech-articles-loop__inner\"><div class=\"itech-articles-loop__thumbnail\"><img loading=\"lazy\" decoding=\"async\" width=\"580\" height=\"387\" src=\"https:\/\/itech.lukasiewicz.gov.pl\/wp-content\/uploads\/sites\/38\/2026\/04\/KPTB-LUKASIEWICZ-ITECH-1024x683.jpg\" class=\"attachment-large size-large wp-post-image\" alt=\"KPTB \u0141UKASIEWICZ- ITECH\" srcset=\"https:\/\/itech.lukasiewicz.gov.pl\/wp-content\/uploads\/sites\/38\/2026\/04\/KPTB-LUKASIEWICZ-ITECH-1024x683.jpg 1024w, https:\/\/itech.lukasiewicz.gov.pl\/wp-content\/uploads\/sites\/38\/2026\/04\/KPTB-LUKASIEWICZ-ITECH-300x200.jpg 300w, https:\/\/itech.lukasiewicz.gov.pl\/wp-content\/uploads\/sites\/38\/2026\/04\/KPTB-LUKASIEWICZ-ITECH-768x512.jpg 768w, https:\/\/itech.lukasiewicz.gov.pl\/wp-content\/uploads\/sites\/38\/2026\/04\/KPTB-LUKASIEWICZ-ITECH-24x16.jpg 24w, https:\/\/itech.lukasiewicz.gov.pl\/wp-content\/uploads\/sites\/38\/2026\/04\/KPTB-LUKASIEWICZ-ITECH-36x24.jpg 36w, https:\/\/itech.lukasiewicz.gov.pl\/wp-content\/uploads\/sites\/38\/2026\/04\/KPTB-LUKASIEWICZ-ITECH-48x32.jpg 48w, https:\/\/itech.lukasiewicz.gov.pl\/wp-content\/uploads\/sites\/38\/2026\/04\/KPTB-LUKASIEWICZ-ITECH.jpg 1200w\" sizes=\"(max-width: 580px) 100vw, 580px\" \/><\/div><div class=\"itech-articles-loop__content\"><h2 class=\"itech-articles-loop__title\">Energy, Innovation and New Horizons: March Summary at PTB Cluster<\/h2><div class=\"itech-articles-loop__date\">Opublikowano: 29.04.2026<\/div><div class=\"itech-articles-loop__excerpt\">The last few weeks in our cluster have been a period of exceptional activity, in which we combined our presence at trade fair events in Poland with work on research and development projects. Our activities focused on three pillars: building relationships, promotional activities and expanding the cluster&#039;s competence in the modern Agro sector.<\/div><a class=\"itech-articles-loop__link\" href=\"https:\/\/itech.lukasiewicz.gov.pl\/en\/basalttech-match-project-we-are-building-the-foundation-for-new-partnerships\/\">Czytaj wi\u0119cej<\/a><\/div><\/div><\/article><article class=\"itech-articles-loop__post\"><div class=\"itech-articles-loop__inner\"><div class=\"itech-articles-loop__thumbnail\"><img loading=\"lazy\" decoding=\"async\" width=\"580\" height=\"387\" src=\"https:\/\/itech.lukasiewicz.gov.pl\/wp-content\/uploads\/sites\/38\/2026\/04\/Wpisy-www-ITECH-28-1024x683.jpg\" class=\"attachment-large size-large wp-post-image\" alt=\"Agata Urbaniak joins Lukasiewicz - ITECH\" srcset=\"https:\/\/itech.lukasiewicz.gov.pl\/wp-content\/uploads\/sites\/38\/2026\/04\/Wpisy-www-ITECH-28-1024x683.jpg 1024w, https:\/\/itech.lukasiewicz.gov.pl\/wp-content\/uploads\/sites\/38\/2026\/04\/Wpisy-www-ITECH-28-300x200.jpg 300w, https:\/\/itech.lukasiewicz.gov.pl\/wp-content\/uploads\/sites\/38\/2026\/04\/Wpisy-www-ITECH-28-768x512.jpg 768w, https:\/\/itech.lukasiewicz.gov.pl\/wp-content\/uploads\/sites\/38\/2026\/04\/Wpisy-www-ITECH-28-24x16.jpg 24w, https:\/\/itech.lukasiewicz.gov.pl\/wp-content\/uploads\/sites\/38\/2026\/04\/Wpisy-www-ITECH-28-36x24.jpg 36w, https:\/\/itech.lukasiewicz.gov.pl\/wp-content\/uploads\/sites\/38\/2026\/04\/Wpisy-www-ITECH-28-48x32.jpg 48w, https:\/\/itech.lukasiewicz.gov.pl\/wp-content\/uploads\/sites\/38\/2026\/04\/Wpisy-www-ITECH-28.jpg 1200w\" sizes=\"(max-width: 580px) 100vw, 580px\" \/><\/div><div class=\"itech-articles-loop__content\"><h2 class=\"itech-articles-loop__title\">Agata Urbaniak joins Lukasiewicz &#8211; ITECH<\/h2><div class=\"itech-articles-loop__date\">Opublikowano: 28.04.2026<\/div><div class=\"itech-articles-loop__excerpt\">We are pleased to announce that Dr. Agata Urbaniak, Eng. joined the Lukasiewicz - ITECH team on April 13, taking on the role of Area Leader - Head of the Energy Transformation Research Center.<\/div><a class=\"itech-articles-loop__link\" href=\"https:\/\/itech.lukasiewicz.gov.pl\/en\/agata-urbaniak-joins-lukasiewicz-itech\/\">Czytaj wi\u0119cej<\/a><\/div><\/div><\/article><\/div><div class=\"itech-articles-loop__pagination\"><span aria-current=\"page\" class=\"page-numbers current\">1<\/span><a class=\"page-numbers\" href=\"\/en\/wp-json\/wp\/v2\/pages\/57898?custom_paged=2\">2<\/a><a class=\"page-numbers\" href=\"\/en\/wp-json\/wp\/v2\/pages\/57898?custom_paged=3\">3<\/a><span class=\"page-numbers dots\">&hellip;<\/span><a class=\"page-numbers\" href=\"\/en\/wp-json\/wp\/v2\/pages\/57898?custom_paged=8\">8<\/a><a title=\"Nast\u0119pna strona\" class=\"next page-numbers\" href=\"\/en\/wp-json\/wp\/v2\/pages\/57898?custom_paged=2\">\u00bb<\/a><\/div><\/div><\/div>\n\t\t\t\t\t\t<\/div>\n\t\t\t\t<\/div>\n\t\t\t\t\t<\/div>\n\t\t\t\t<\/div>\n\t\t\t\t<\/div>\n\t\t","protected":false},"excerpt":{"rendered":"","protected":false},"author":206,"featured_media":0,"parent":0,"menu_order":0,"comment_status":"closed","ping_status":"closed","template":"","meta":{"_acf_changed":false,"_seopress_robots_primary_cat":"","_seopress_titles_title":"","_seopress_titles_desc":"","_seopress_robots_index":"","inline_featured_image":false,"footnotes":""},"class_list":["post-57898","page","type-page","status-publish","hentry"],"acf":{"page_icon":false},"publishpress_future_action":{"enabled":false,"date":"2026-05-14 19:56:20","action":"change-status","newStatus":"draft","terms":[],"taxonomy":"translation_priority","extraData":[]},"publishpress_future_workflow_manual_trigger":{"enabledWorkflows":[]},"_links":{"self":[{"href":"https:\/\/itech.lukasiewicz.gov.pl\/en\/wp-json\/wp\/v2\/pages\/57898","targetHints":{"allow":["GET"]}}],"collection":[{"href":"https:\/\/itech.lukasiewicz.gov.pl\/en\/wp-json\/wp\/v2\/pages"}],"about":[{"href":"https:\/\/itech.lukasiewicz.gov.pl\/en\/wp-json\/wp\/v2\/types\/page"}],"author":[{"embeddable":true,"href":"https:\/\/itech.lukasiewicz.gov.pl\/en\/wp-json\/wp\/v2\/users\/206"}],"replies":[{"embeddable":true,"href":"https:\/\/itech.lukasiewicz.gov.pl\/en\/wp-json\/wp\/v2\/comments?post=57898"}],"version-history":[{"count":1,"href":"https:\/\/itech.lukasiewicz.gov.pl\/en\/wp-json\/wp\/v2\/pages\/57898\/revisions"}],"predecessor-version":[{"id":57900,"href":"https:\/\/itech.lukasiewicz.gov.pl\/en\/wp-json\/wp\/v2\/pages\/57898\/revisions\/57900"}],"wp:attachment":[{"href":"https:\/\/itech.lukasiewicz.gov.pl\/en\/wp-json\/wp\/v2\/media?parent=57898"}],"curies":[{"name":"wp","href":"https:\/\/api.w.org\/{rel}","templated":true}]}}